{"id":20,"date":"2024-04-15T14:32:49","date_gmt":"2024-04-15T11:32:49","guid":{"rendered":"https:\/\/noksway.com\/?page_id=20"},"modified":"2024-04-22T12:43:34","modified_gmt":"2024-04-22T09:43:34","slug":"ana-sayfa","status":"publish","type":"page","link":"https:\/\/noksway.com\/en\/","title":{"rendered":"Home Page"},"content":{"rendered":"<p>[et_pb_section fb_built=&#8221;1&#8243; _builder_version=&#8221;4.24.3&#8243; _module_preset=&#8221;default&#8221; background_color=&#8221;#4c4c4c&#8221; custom_margin=&#8221;-100px||0px||false|false&#8221; custom_padding=&#8221;0px||0px||true|false&#8221; global_colors_info=&#8221;{}&#8221;][et_pb_row _builder_version=&#8221;4.24.3&#8243; _module_preset=&#8221;default&#8221; background_video_mp4=&#8221;https:\/\/noksway.com\/wp-content\/uploads\/2024\/04\/Noksway-low.mp4&#8243; width=&#8221;100%&#8221; max_width=&#8221;100%&#8221; height=&#8221;80vh&#8221; height_tablet=&#8221;80vh&#8221; height_phone=&#8221;52vh&#8221; height_last_edited=&#8221;on|phone&#8221; custom_margin=&#8221;0px||0px||true|false&#8221; custom_padding=&#8221;0px||0px||true|false&#8221; global_colors_info=&#8221;{}&#8221;][et_pb_column type=&#8221;4_4&#8243; _builder_version=&#8221;4.24.3&#8243; _module_preset=&#8221;default&#8221; global_colors_info=&#8221;{}&#8221;][et_pb_text _builder_version=&#8221;4.24.3&#8243; _module_preset=&#8221;default&#8221; global_colors_info=&#8221;{}&#8221;][\/et_pb_text][\/et_pb_column][\/et_pb_row][\/et_pb_section][et_pb_section fb_built=&#8221;1&#8243; _builder_version=&#8221;4.24.3&#8243; _module_preset=&#8221;default&#8221; background_color=&#8221;gcid-8bc1d6b6-9caf-45fd-9fbe-38c36e66d659&#8243; custom_padding=&#8221;||0px||false|false&#8221; global_colors_info=&#8221;{%22gcid-8bc1d6b6-9caf-45fd-9fbe-38c36e66d659%22:%91%22background_color%22%93}&#8221;][et_pb_row column_structure=&#8221;1_4,1_4,1_4,1_4&#8243; module_class=&#8221;two-columns&#8221; _builder_version=&#8221;4.24.3&#8243; _module_preset=&#8221;default&#8221; custom_margin=&#8221;-220px||||false|false&#8221; custom_css_main_element=&#8221;display: flex;&#8221; global_colors_info=&#8221;{}&#8221;][et_pb_column type=&#8221;1_4&#8243; _builder_version=&#8221;4.24.3&#8243; _module_preset=&#8221;default&#8221; global_colors_info=&#8221;{}&#8221;][et_pb_blurb image=&#8221;https:\/\/noksway.com\/wp-content\/uploads\/2024\/04\/Firin-Grup.webp&#8221; admin_label=&#8221;\u00ddlan&#8221; _builder_version=&#8221;4.24.3&#8243; _module_preset=&#8221;default&#8221; header_font=&#8221;Montserrat|500|||||||&#8221; header_text_color=&#8221;gcid-5f0fdb5b-f1aa-4063-ade8-584cea137658&#8243; header_font_size=&#8221;36px&#8221; body_font=&#8221;Barlow|900|||||||&#8221; body_text_color=&#8221;gcid-8bc1d6b6-9caf-45fd-9fbe-38c36e66d659&#8243; body_font_size=&#8221;43px&#8221; body_line_height=&#8221;34.4px&#8221; transform_translate_linked__hover=&#8221;off&#8221; custom_css_blurb_content=&#8221;  -webkit-text-stroke-width: 0.5px;||  -webkit-text-stroke-color: #ee7202;||||&#8221; global_colors_info=&#8221;{%22gcid-5f0fdb5b-f1aa-4063-ade8-584cea137658%22:%91%22header_text_color%22,%22header_text_color%22,%22body_text_color%22,%22header_text_color%22%93,%22gcid-8bc1d6b6-9caf-45fd-9fbe-38c36e66d659%22:%91%22body_text_color%22,%22body_text_color%22%93}&#8221; transform_styles__hover_enabled=&#8221;on|desktop&#8221; transform_scale__hover_enabled=&#8221;on|hover&#8221; transform_translate__hover_enabled=&#8221;on|desktop&#8221; transform_rotate__hover_enabled=&#8221;on|desktop&#8221; transform_skew__hover_enabled=&#8221;on|desktop&#8221; transform_origin__hover_enabled=&#8221;on|desktop&#8221; transform_translate__hover=&#8221;0px|-20px&#8221;]<\/p>\n<p style=\"text-align: center;\">OVENS<br \/>GROUP<\/p>\n<p>[\/et_pb_blurb][\/et_pb_column][et_pb_column type=&#8221;1_4&#8243; _builder_version=&#8221;4.24.3&#8243; _module_preset=&#8221;default&#8221; global_colors_info=&#8221;{}&#8221;][et_pb_blurb image=&#8221;https:\/\/noksway.com\/wp-content\/uploads\/2024\/04\/Mikser-Grup.webp&#8221; _builder_version=&#8221;4.24.3&#8243; _module_preset=&#8221;default&#8221; header_font=&#8221;Montserrat|500|||||||&#8221; header_text_color=&#8221;gcid-5f0fdb5b-f1aa-4063-ade8-584cea137658&#8243; header_font_size=&#8221;36px&#8221; body_font=&#8221;Barlow|900|||||||&#8221; body_text_color=&#8221;gcid-8bc1d6b6-9caf-45fd-9fbe-38c36e66d659&#8243; body_font_size=&#8221;43px&#8221; body_line_height=&#8221;34.4px&#8221; transform_translate_linked=&#8221;off&#8221; body_font_size_tablet=&#8221;43px&#8221; body_font_size_phone=&#8221;34px&#8221; body_font_size_last_edited=&#8221;on|phone&#8221; custom_css_blurb_content=&#8221;  -webkit-text-stroke-width: 0.5px;||  -webkit-text-stroke-color: #ee7202;&#8221; global_colors_info=&#8221;{%22gcid-5f0fdb5b-f1aa-4063-ade8-584cea137658%22:%91%22header_text_color%22,%22header_text_color%22,%22body_text_color%22,%22header_text_color%22,%22header_text_color%22,%22header_text_color%22,%22body_text_color%22%93,%22gcid-8bc1d6b6-9caf-45fd-9fbe-38c36e66d659%22:%91%22body_text_color%22,%22body_text_color%22,%22body_text_color%22%93}&#8221; transform_styles__hover_enabled=&#8221;on|hover&#8221; transform_scale__hover_enabled=&#8221;on|desktop&#8221; transform_translate__hover_enabled=&#8221;on|hover&#8221; transform_rotate__hover_enabled=&#8221;on|desktop&#8221; transform_skew__hover_enabled=&#8221;on|desktop&#8221; transform_origin__hover_enabled=&#8221;on|desktop&#8221; transform_translate__hover=&#8221;0px|-20px&#8221;]<\/p>\n<p style=\"text-align: center;\">KNEADING<br \/>GROUP<\/p>\n<p>[\/et_pb_blurb][\/et_pb_column][et_pb_column type=&#8221;1_4&#8243; _builder_version=&#8221;4.24.3&#8243; _module_preset=&#8221;default&#8221; global_colors_info=&#8221;{}&#8221;][et_pb_blurb image=&#8221;https:\/\/noksway.com\/wp-content\/uploads\/2024\/04\/Yogurma-Grup-1.webp&#8221; _builder_version=&#8221;4.25.0&#8243; _module_preset=&#8221;default&#8221; header_font=&#8221;Montserrat|500|||||||&#8221; header_text_color=&#8221;gcid-5f0fdb5b-f1aa-4063-ade8-584cea137658&#8243; header_font_size=&#8221;36px&#8221; body_font=&#8221;Barlow|900|||||||&#8221; body_text_color=&#8221;gcid-8bc1d6b6-9caf-45fd-9fbe-38c36e66d659&#8243; body_font_size=&#8221;43px&#8221; body_line_height=&#8221;34.4px&#8221; transform_translate_linked__hover=&#8221;off&#8221; hover_enabled=&#8221;0&#8243; body_font_size_tablet=&#8221;43px&#8221; body_font_size_phone=&#8221;30px&#8221; body_font_size_last_edited=&#8221;on|phone&#8221; custom_css_blurb_content=&#8221;  -webkit-text-stroke-width: 0.5px;||  -webkit-text-stroke-color: #ee7202;&#8221; global_colors_info=&#8221;{%22gcid-5f0fdb5b-f1aa-4063-ade8-584cea137658%22:%91%22header_text_color%22,%22header_text_color%22,%22body_text_color%22,%22header_text_color%22,%22body_text_color%22%93,%22gcid-8bc1d6b6-9caf-45fd-9fbe-38c36e66d659%22:%91%22body_text_color%22%93}&#8221; transform_styles__hover_enabled=&#8221;on|hover&#8221; transform_scale__hover_enabled=&#8221;on|hover&#8221; transform_translate__hover_enabled=&#8221;on|desktop&#8221; transform_rotate__hover_enabled=&#8221;on|desktop&#8221; transform_skew__hover_enabled=&#8221;on|desktop&#8221; transform_origin__hover_enabled=&#8221;on|desktop&#8221; transform_translate__hover=&#8221;0px|-20px&#8221; title_text=&#8221;Yogurma-Grup&#8221; sticky_enabled=&#8221;0&#8243;]<\/p>\n<p style=\"text-align: center;\">DOUGH<br \/>PROCESSING<\/p>\n<p>[\/et_pb_blurb][\/et_pb_column][et_pb_column type=&#8221;1_4&#8243; _builder_version=&#8221;4.24.3&#8243; _module_preset=&#8221;default&#8221; global_colors_info=&#8221;{}&#8221;][et_pb_blurb image=&#8221;https:\/\/noksway.com\/wp-content\/uploads\/2024\/04\/Aksesuar.webp&#8221; admin_label=&#8221;\u00ddlan&#8221; _builder_version=&#8221;4.24.3&#8243; _module_preset=&#8221;default&#8221; header_font=&#8221;Montserrat|500|||||||&#8221; header_text_color=&#8221;gcid-5f0fdb5b-f1aa-4063-ade8-584cea137658&#8243; header_font_size=&#8221;36px&#8221; body_font=&#8221;Barlow|900|||||||&#8221; body_text_color=&#8221;gcid-8bc1d6b6-9caf-45fd-9fbe-38c36e66d659&#8243; body_font_size=&#8221;43px&#8221; body_line_height=&#8221;34.4px&#8221; transform_translate_linked__hover=&#8221;off&#8221; body_font_size_tablet=&#8221;43px&#8221; body_font_size_phone=&#8221;30px&#8221; body_font_size_last_edited=&#8221;on|phone&#8221; custom_css_blurb_content=&#8221;  -webkit-text-stroke-width: 0.5px;||  -webkit-text-stroke-color: #ee7202;&#8221; global_colors_info=&#8221;{%22gcid-5f0fdb5b-f1aa-4063-ade8-584cea137658%22:%91%22header_text_color%22,%22header_text_color%22,%22body_text_color%22%93,%22gcid-8bc1d6b6-9caf-45fd-9fbe-38c36e66d659%22:%91%22body_text_color%22%93}&#8221; transform_styles__hover_enabled=&#8221;on|hover&#8221; transform_scale__hover_enabled=&#8221;on|hover&#8221; transform_translate__hover_enabled=&#8221;on|desktop&#8221; transform_rotate__hover_enabled=&#8221;on|desktop&#8221; transform_skew__hover_enabled=&#8221;on|desktop&#8221; transform_origin__hover_enabled=&#8221;on|desktop&#8221; transform_translate__hover=&#8221;0px|-20px&#8221;]<\/p>\n<p style=\"text-align: center;\">AUXILIARY<br \/>EQUIPMENT<\/p>\n<p>[\/et_pb_blurb][\/et_pb_column][\/et_pb_row][\/et_pb_section][et_pb_section fb_built=&#8221;1&#8243; _builder_version=&#8221;4.24.3&#8243; _module_preset=&#8221;default&#8221; background_image=&#8221;https:\/\/noksway.com\/wp-content\/uploads\/2024\/04\/firin-bg.webp&#8221; custom_padding=&#8221;142px||||false|false&#8221; global_colors_info=&#8221;{}&#8221;][et_pb_row column_structure=&#8221;1_2,1_2&#8243; make_equal=&#8221;on&#8221; _builder_version=&#8221;4.24.3&#8243; _module_preset=&#8221;default&#8221; global_colors_info=&#8221;{}&#8221;][et_pb_column type=&#8221;1_2&#8243; _builder_version=&#8221;4.24.3&#8243; _module_preset=&#8221;default&#8221; global_colors_info=&#8221;{}&#8221;][et_pb_image src=&#8221;https:\/\/noksway.com\/wp-content\/uploads\/2024\/04\/firin-section.webp&#8221; title_text=&#8221;firin-section&#8221; admin_label=&#8221;G\u00f6r\u00fcnt\u00fc&#8221; _builder_version=&#8221;4.24.3&#8243; _module_preset=&#8221;default&#8221; transform_scale=&#8221;148%|148%&#8221; transform_scale_tablet=&#8221;148%|148%&#8221; transform_scale_phone=&#8221;172%|172%&#8221; transform_scale_last_edited=&#8221;on|phone&#8221; transform_translate=&#8221;88px|0px&#8221; transform_translate_tablet=&#8221;88px|0px&#8221; transform_translate_phone=&#8221;42px|0px&#8221; transform_translate_last_edited=&#8221;on|phone&#8221; transform_translate_linked=&#8221;off&#8221; transform_rotate_tablet=&#8221;&#8221; transform_rotate_phone=&#8221;&#8221; transform_rotate_last_edited=&#8221;on|phone&#8221; transform_skew_tablet=&#8221;&#8221; transform_skew_phone=&#8221;&#8221; transform_skew_last_edited=&#8221;on|phone&#8221; transform_origin_tablet=&#8221;&#8221; transform_origin_phone=&#8221;&#8221; transform_origin_last_edited=&#8221;on|phone&#8221; transform_styles_last_edited=&#8221;on|phone&#8221; transform_styles_tablet=&#8221;&#8221; transform_styles_phone=&#8221;&#8221; global_colors_info=&#8221;{}&#8221;][\/et_pb_image][et_pb_image src=&#8221;https:\/\/noksway.com\/wp-content\/uploads\/2024\/04\/smoke-1.webp&#8221; title_text=&#8221;smoke&#8221; _builder_version=&#8221;4.24.3&#8243; _module_preset=&#8221;default&#8221; transform_translate=&#8221;0px|-82px&#8221; transform_translate_linked=&#8221;off&#8221; positioning=&#8221;absolute&#8221; position_origin_a=&#8221;bottom_left&#8221; width=&#8221;100%&#8221; animation_style=&#8221;slide&#8221; animation_direction=&#8221;left&#8221; animation_delay=&#8221;700ms&#8221; animation_intensity_slide=&#8221;10%&#8221; global_colors_info=&#8221;{}&#8221;][\/et_pb_image][\/et_pb_column][et_pb_column type=&#8221;1_2&#8243; _builder_version=&#8221;4.24.3&#8243; _module_preset=&#8221;default&#8221; global_colors_info=&#8221;{}&#8221;][et_pb_text _builder_version=&#8221;4.24.3&#8243; _module_preset=&#8221;default&#8221; text_text_color=&#8221;#000000&#8243; header_2_font=&#8221;Montserrat|900|||||||&#8221; header_2_text_color=&#8221;gcid-8bc1d6b6-9caf-45fd-9fbe-38c36e66d659&#8243; header_2_font_size=&#8221;63px&#8221; header_5_font=&#8221;Montserrat|700|||||||&#8221; header_5_font_size=&#8221;21px&#8221; animation_style=&#8221;fold&#8221; animation_direction=&#8221;left&#8221; global_colors_info=&#8221;{%22gcid-8bc1d6b6-9caf-45fd-9fbe-38c36e66d659%22:%91%22header_2_text_color%22%93}&#8221;]<\/p>\n<h5>Innovative technology and craftsmanship<\/h5>\n<h2>Ovens Group<\/h2>\n<p>We guarantee the taste of your flavors with consistent cooking performance, while making your tasks easier by utilizing the latest technology. We offer a quality-driven experience tailored for professionals and flavor enthusiasts, without compromising on quality.<\/p>\n<p>[\/et_pb_text][et_pb_button button_text=&#8221;\u00dcr\u00fcnleri \u0130ncele&#8221; _builder_version=&#8221;4.24.3&#8243; _module_preset=&#8221;default&#8221; custom_button=&#8221;on&#8221; button_text_size=&#8221;17px&#8221; button_text_color=&#8221;#FFFFFF&#8221; button_bg_color=&#8221;gcid-5f0fdb5b-f1aa-4063-ade8-584cea137658&#8243; button_border_width=&#8221;0px&#8221; button_border_radius=&#8221;79px&#8221; button_letter_spacing=&#8221;2px&#8221; button_font=&#8221;Inter|300|||||||&#8221; custom_padding=&#8221;8px|31px|8px|31px|true|true&#8221; animation_style=&#8221;fold&#8221; animation_direction=&#8221;left&#8221; global_colors_info=&#8221;{%22gcid-5f0fdb5b-f1aa-4063-ade8-584cea137658%22:%91%22button_bg_color%22%93}&#8221;][\/et_pb_button][\/et_pb_column][\/et_pb_row][\/et_pb_section][et_pb_section fb_built=&#8221;1&#8243; _builder_version=&#8221;4.24.3&#8243; _module_preset=&#8221;default&#8221; use_background_color_gradient=&#8221;on&#8221; background_color_gradient_type=&#8221;circular&#8221; background_color_gradient_stops=&#8221;rgba(0,0,0,0.59) 0vh|rgba(0, 196, 163, 0) 36vh|rgba(0,196,163,0) 75vh|#ffffff 100vh&#8221; background_color_gradient_unit=&#8221;vh&#8221; background_color_gradient_overlays_image=&#8221;on&#8221; background_image=&#8221;https:\/\/noksway.com\/wp-content\/uploads\/2024\/04\/parx.webp&#8221; parallax=&#8221;on&#8221; parallax_method=&#8221;off&#8221; custom_margin=&#8221;||||false|false&#8221; custom_padding=&#8221;136px||136px||true|false&#8221; global_colors_info=&#8221;{}&#8221;][et_pb_row _builder_version=&#8221;4.24.3&#8243; _module_preset=&#8221;default&#8221; global_colors_info=&#8221;{}&#8221;][et_pb_column type=&#8221;4_4&#8243; _builder_version=&#8221;4.24.3&#8243; _module_preset=&#8221;default&#8221; global_colors_info=&#8221;{}&#8221;][et_pb_text _builder_version=&#8221;4.24.3&#8243; _module_preset=&#8221;default&#8221; text_text_color=&#8221;#FFFFFF&#8221; text_font_size=&#8221;18px&#8221; header_3_font=&#8221;Vujahday Script||||||||&#8221; header_3_text_align=&#8221;center&#8221; header_3_text_color=&#8221;#FFFFFF&#8221; header_3_font_size=&#8221;78px&#8221; text_orientation=&#8221;center&#8221; animation_style=&#8221;slide&#8221; animation_direction=&#8221;bottom&#8221; animation_intensity_slide=&#8221;10%&#8221; header_3_font_size_tablet=&#8221;78px&#8221; header_3_font_size_phone=&#8221;67px&#8221; header_3_font_size_last_edited=&#8221;on|phone&#8221; global_colors_info=&#8221;{}&#8221;]<\/p>\n<h3>\"Flavors Beyond Boundaries\"<\/h3>\n<p>Noksway was founded by an experienced team with the aim of producing professional bread oven equipment that offers the perfect balance of flavor and functionality. We strive to deliver the highest quality products to our customers while innovating solutions and continually redefining industry standards.<\/p>\n<p>[\/et_pb_text][\/et_pb_column][\/et_pb_row][\/et_pb_section][et_pb_section fb_built=&#8221;1&#8243; _builder_version=&#8221;4.24.3&#8243; _module_preset=&#8221;default&#8221; custom_margin=&#8221;32px||||false|false&#8221; custom_margin_tablet=&#8221;32px||||false|false&#8221; custom_margin_phone=&#8221;0px||||false|false&#8221; custom_margin_last_edited=&#8221;on|phone&#8221; global_colors_info=&#8221;{}&#8221;][et_pb_row _builder_version=&#8221;4.24.3&#8243; _module_preset=&#8221;default&#8221; max_width=&#8221;1200px&#8221; global_colors_info=&#8221;{}&#8221;][et_pb_column type=&#8221;4_4&#8243; _builder_version=&#8221;4.24.3&#8243; _module_preset=&#8221;default&#8221; global_colors_info=&#8221;{}&#8221;][et_pb_text _builder_version=&#8221;4.24.3&#8243; _module_preset=&#8221;default&#8221; text_text_color=&#8221;#FFFFFF&#8221; text_font_size=&#8221;18px&#8221; header_3_font=&#8221;Vujahday Script||||||||&#8221; header_3_text_align=&#8221;center&#8221; header_3_text_color=&#8221;gcid-8bc1d6b6-9caf-45fd-9fbe-38c36e66d659&#8243; header_3_font_size=&#8221;78px&#8221; text_orientation=&#8221;center&#8221; custom_margin_tablet=&#8221;&#8221; custom_margin_phone=&#8221;-55px||||false|false&#8221; custom_margin_last_edited=&#8221;on|phone&#8221; header_3_font_size_tablet=&#8221;78px&#8221; header_3_font_size_phone=&#8221;50px&#8221; header_3_font_size_last_edited=&#8221;on|phone&#8221; global_colors_info=&#8221;{%22gcid-8bc1d6b6-9caf-45fd-9fbe-38c36e66d659%22:%91%22header_3_text_color%22%93}&#8221;]<\/p>\n<h3>\"Dough Processing Innovation\"<\/h3>\n<p>[\/et_pb_text][et_pb_image src=&#8221;https:\/\/noksway.com\/wp-content\/uploads\/2024\/04\/hazirlik.webp&#8221; title_text=&#8221;hazirlik&#8221; admin_label=&#8221;G\u00f6r\u00fcnt\u00fc&#8221; _builder_version=&#8221;4.24.3&#8243; _module_preset=&#8221;default&#8221; transform_scale_tablet=&#8221;&#8221; transform_scale_phone=&#8221;156%|156%&#8221; transform_scale_last_edited=&#8221;on|phone&#8221; transform_translate_tablet=&#8221;&#8221; transform_translate_phone=&#8221;12px|0px&#8221; transform_translate_last_edited=&#8221;on|phone&#8221; transform_translate_linked_phone=&#8221;off&#8221; transform_rotate_tablet=&#8221;&#8221; transform_rotate_phone=&#8221;&#8221; transform_rotate_last_edited=&#8221;on|phone&#8221; transform_skew_tablet=&#8221;&#8221; transform_skew_phone=&#8221;&#8221; transform_skew_last_edited=&#8221;on|phone&#8221; transform_origin_tablet=&#8221;&#8221; transform_origin_phone=&#8221;&#8221; transform_origin_last_edited=&#8221;on|phone&#8221; transform_styles_last_edited=&#8221;on|phone&#8221; custom_margin_tablet=&#8221;&#8221; custom_margin_phone=&#8221;||||false|false&#8221; custom_margin_last_edited=&#8221;on|phone&#8221; custom_padding_tablet=&#8221;&#8221; custom_padding_phone=&#8221;53px||||false|false&#8221; custom_padding_last_edited=&#8221;on|phone&#8221; transform_styles_tablet=&#8221;&#8221; transform_styles_phone=&#8221;&#8221; global_colors_info=&#8221;{}&#8221;][\/et_pb_image][et_pb_button button_text=&#8221;\u00dcr\u00fcnleri \u0130ncele&#8221; button_alignment=&#8221;center&#8221; _builder_version=&#8221;4.24.3&#8243; _module_preset=&#8221;default&#8221; custom_button=&#8221;on&#8221; button_text_size=&#8221;17px&#8221; button_text_color=&#8221;#FFFFFF&#8221; button_bg_color=&#8221;gcid-5f0fdb5b-f1aa-4063-ade8-584cea137658&#8243; button_border_width=&#8221;0px&#8221; button_border_radius=&#8221;79px&#8221; button_letter_spacing=&#8221;2px&#8221; button_font=&#8221;Inter|300|||||||&#8221; custom_margin=&#8221;-74px||||false|false&#8221; custom_margin_tablet=&#8221;-74px||||false|false&#8221; custom_margin_phone=&#8221;2px||||false|false&#8221; custom_margin_last_edited=&#8221;on|phone&#8221; custom_padding=&#8221;8px|31px|8px|31px|true|true&#8221; locked=&#8221;off&#8221; global_colors_info=&#8221;{%22gcid-5f0fdb5b-f1aa-4063-ade8-584cea137658%22:%91%22button_bg_color%22%93}&#8221;][\/et_pb_button][et_pb_image src=&#8221;https:\/\/noksway.com\/wp-content\/uploads\/2024\/04\/logo-3d.webp&#8221; title_text=&#8221;logo-3d&#8221; _builder_version=&#8221;4.24.3&#8243; _module_preset=&#8221;default&#8221; transform_scale_linked=&#8221;off&#8221; transform_translate_linked=&#8221;off&#8221; positioning=&#8221;absolute&#8221; position_origin_a=&#8221;top_right&#8221; z_index=&#8221;-52&#8243; animation_style=&#8221;slide&#8221; animation_direction=&#8221;right&#8221; animation_intensity_slide=&#8221;10%&#8221; global_colors_info=&#8221;{}&#8221;][\/et_pb_image][\/et_pb_column][\/et_pb_row][\/et_pb_section][et_pb_section fb_built=&#8221;1&#8243; _builder_version=&#8221;4.24.3&#8243; _module_preset=&#8221;default&#8221; background_color=&#8221;#000000&#8243; use_background_color_gradient=&#8221;on&#8221; background_color_gradient_stops=&#8221;rgba(0,0,0,0.56) 0%|rgba(0,0,0,0.53) 100%&#8221; background_color_gradient_overlays_image=&#8221;on&#8221; background_image=&#8221;https:\/\/noksway.com\/wp-content\/uploads\/2024\/04\/video-bg-2.webp&#8221; parallax=&#8221;on&#8221; background_enable_mask_style=&#8221;on&#8221; background_mask_style=&#8221;arch&#8221; background_mask_aspect_ratio=&#8221;square&#8221; custom_margin=&#8221;-133px||||false|false&#8221; background_last_edited=&#8221;on|phone&#8221; background_enable_mask_style_phone=&#8221;off&#8221; global_colors_info=&#8221;{}&#8221;][et_pb_row column_structure=&#8221;3_5,2_5&#8243; make_equal=&#8221;on&#8221; _builder_version=&#8221;4.24.3&#8243; _module_preset=&#8221;default&#8221; width=&#8221;100%&#8221; max_width=&#8221;100%&#8221; custom_margin=&#8221;85px||62px||false|false&#8221; custom_padding=&#8221;||||true|true&#8221; global_colors_info=&#8221;{}&#8221;][et_pb_column type=&#8221;3_5&#8243; _builder_version=&#8221;4.24.3&#8243; _module_preset=&#8221;default&#8221; global_colors_info=&#8221;{}&#8221;][et_pb_image src=&#8221;https:\/\/noksway.com\/wp-content\/uploads\/2024\/04\/About-01-1.webp&#8221; _builder_version=&#8221;4.25.0&#8243; _module_preset=&#8221;default&#8221; title_text=&#8221;About-01&#8243; hover_enabled=&#8221;0&#8243; sticky_enabled=&#8221;0&#8243;][\/et_pb_image][\/et_pb_column][et_pb_column type=&#8221;2_5&#8243; _builder_version=&#8221;4.24.3&#8243; _module_preset=&#8221;default&#8221; custom_padding=&#8221;|78px|||false|false&#8221; custom_padding_tablet=&#8221;|78px|||false|false&#8221; custom_padding_phone=&#8221;|0px|||false|false&#8221; custom_padding_last_edited=&#8221;on|phone&#8221; custom_css_main_element=&#8221;margin: auto;||align-items: center;&#8221; global_colors_info=&#8221;{}&#8221;][et_pb_text _builder_version=&#8221;4.24.3&#8243; _module_preset=&#8221;default&#8221; text_text_color=&#8221;gcid-5f0fdb5b-f1aa-4063-ade8-584cea137658&#8243; text_font_size=&#8221;16px&#8221; header_3_font=&#8221;Vujahday Script||||||||&#8221; header_3_text_align=&#8221;center&#8221; header_3_text_color=&#8221;#FFFFFF&#8221; header_3_font_size=&#8221;62px&#8221; text_orientation=&#8221;center&#8221; custom_padding=&#8221;|||0px||&#8221; animation_style=&#8221;fade&#8221; locked=&#8221;off&#8221; global_colors_info=&#8221;{%22gcid-5f0fdb5b-f1aa-4063-ade8-584cea137658%22:%91%22text_text_color%22%93}&#8221;]<\/p>\n<h3>The World of Noksway.<\/h3>\n<p>\u00a0Follow Us for all the latest updates.<\/p>\n<p>[\/et_pb_text][et_pb_social_media_follow icon_color=\"#FFFFFFFF\" use_icon_font_size=\"on\" icon_font_size=\"24px\" _builder_version=\"4.24.3\u2033 _module_preset=\"default\" text_orientation=\"centre\" global_colors_info=\"{}\"][et_pb_social_media_follow_network social_network=\"facebook\" _builder_version=\"4.24.3\u2033 _module_preset=\"default\" background_color=\"#3b5998\u2033 global_colors_info=\"{}\" follow_button=\"off\" url_new_window=\"on\"]facebook[\/et_pb_social_media_follow_network][et_pb_social_media_follow_network social_network=\"twitter\" _builder_version=\"4.24.3\u2033 _module_preset=\"default\" background_colour=\"#000000\u2033 global_colors_info=\"{}\" follow_button=\"off\" url_new_window=\"on\"]X[\/et_pb_social_media_follow_network][et_pb_social_media_follow_network social_network=\"instagram\" _builder_version=\"4.24.3\u2033 _module_preset=\"default\" background_colour=\"#ea2c59\u2033 global_colors_info=\"{}\" follow_button=\"off\" url_new_window=\"on\"]instagram[\/et_pb_social_media_follow_network][\/et_pb_social_media_follow][\/et_pb_column][\/et_pb_row][\/et_pb_section]<\/p>","protected":false},"excerpt":{"rendered":"<p>OvenGroupKneadingGroupDoughProcessingAuxiliaryEquipmentInnovative technology and craftsmanship Oven Group We make your work easier by using the latest technology while guaranteeing your flavour with consistent baking performance. We offer an uncompromising quality experience for professionals and flavour enthusiasts. \"Flavour Beyond Borders\" Noksway was founded by an experienced team to produce professional bakery equipment that offers the perfect harmony of taste and function. We offer our customers the highest quality [...]<\/p>","protected":false},"author":2,"featured_media":0,"parent":0,"menu_order":0,"comment_status":"closed","ping_status":"closed","template":"","meta":{"_et_pb_use_builder":"on","_et_pb_old_content":"<!-- wp:divi\/placeholder \/-->","_et_gb_content_width":"","footnotes":""},"class_list":["post-20","page","type-page","status-publish","hentry"],"_links":{"self":[{"href":"https:\/\/noksway.com\/en\/wp-json\/wp\/v2\/pages\/20","targetHints":{"allow":["GET"]}}],"collection":[{"href":"https:\/\/noksway.com\/en\/wp-json\/wp\/v2\/pages"}],"about":[{"href":"https:\/\/noksway.com\/en\/wp-json\/wp\/v2\/types\/page"}],"author":[{"embeddable":true,"href":"https:\/\/noksway.com\/en\/wp-json\/wp\/v2\/users\/2"}],"replies":[{"embeddable":true,"href":"https:\/\/noksway.com\/en\/wp-json\/wp\/v2\/comments?post=20"}],"version-history":[{"count":31,"href":"https:\/\/noksway.com\/en\/wp-json\/wp\/v2\/pages\/20\/revisions"}],"predecessor-version":[{"id":342,"href":"https:\/\/noksway.com\/en\/wp-json\/wp\/v2\/pages\/20\/revisions\/342"}],"wp:attachment":[{"href":"https:\/\/noksway.com\/en\/wp-json\/wp\/v2\/media?parent=20"}],"curies":[{"name":"wp","href":"https:\/\/api.w.org\/{rel}","templated":true}]}}