{"id":183,"date":"2024-04-17T12:14:12","date_gmt":"2024-04-17T09:14:12","guid":{"rendered":"https:\/\/noksway.com\/?page_id=183"},"modified":"2024-04-17T12:15:18","modified_gmt":"2024-04-17T09:15:18","slug":"teknik-servis","status":"publish","type":"page","link":"https:\/\/noksway.com\/en\/technical-service\/","title":{"rendered":"Technical Service"},"content":{"rendered":"<p>[et_pb_section fb_built=&#8221;1&#8243; admin_label=&#8221;About&#8221; _builder_version=&#8221;4.24.3&#8243; _module_preset=&#8221;default&#8221; background_color=&#8221;#080F18&#8243; use_background_color_gradient=&#8221;on&#8221; background_color_gradient_stops=&#8221;rgba(8,15,24,0) 0%|#242938 68%&#8221; background_image=&#8221;https:\/\/noksway.com\/wp-content\/uploads\/2024\/04\/8658.webp&#8221; background_position=&#8221;bottom_center&#8221; background_vertical_offset=&#8221;57%&#8221; custom_padding=&#8221;||0px||false|false&#8221; hover_enabled=&#8221;0&#8243; locked=&#8221;off&#8221; collapsed=&#8221;on&#8221; global_colors_info=&#8221;{%22gcid-af6245ea-df40-48a8-9687-67293107dc0c%22:%91%22background_color%22%93}&#8221; theme_builder_area=&#8221;post_content&#8221; title_text=&#8221;8658&#8243; sticky_enabled=&#8221;0&#8243;][et_pb_row _builder_version=&#8221;4.20.0&#8243; _module_preset=&#8221;default&#8221; global_colors_info=&#8221;{}&#8221; theme_builder_area=&#8221;post_content&#8221;][et_pb_column type=&#8221;4_4&#8243; _builder_version=&#8221;4.20.0&#8243; _module_preset=&#8221;default&#8221; global_colors_info=&#8221;{}&#8221; theme_builder_area=&#8221;post_content&#8221;][et_pb_text _builder_version=&#8221;4.24.3&#8243; _module_preset=&#8221;_initial&#8221; header_4_font=&#8221;Red Hat Display|700||on|||||&#8221; header_4_text_color=&#8221;gcid-5f0fdb5b-f1aa-4063-ade8-584cea137658&#8243; header_4_font_size=&#8221;14px&#8221; header_4_letter_spacing=&#8221;2px&#8221; header_4_line_height=&#8221;1.4em&#8221; custom_margin=&#8221;||0px||false|false&#8221; hover_enabled=&#8221;0&#8243; global_colors_info=&#8221;{%22gcid-5f0fdb5b-f1aa-4063-ade8-584cea137658%22:%91%22header_4_text_color%22%93}&#8221; theme_builder_area=&#8221;post_content&#8221; sticky_enabled=&#8221;0&#8243;]<\/p>\n<h4><strong data-sider-select-id=\"d1d876fe-dec0-41ca-b807-20c6cc1f1f86\">Technical Service<\/strong><\/h4>\n<p>[\/et_pb_text][et_pb_text _builder_version=\"4.24.3\u2033 _module_preset=\"_initial\" header_font=\"Red Hat Display|700|||||||\" header_text_colour=\"#FFFFFF\" header_font_size=\"60px\" header_line_height=\"1.2em\" custom_margin=\"||10px|false|false\" hover_enabled=\"0\u2033 header_font_size_tablet=\"40px\" header_font_size_phone=\"24px\" header_font_size_last_edited=\"on|desktop\" locked=\"off\" global_colors_info=\"{}\" theme_builder_area=\"post_content\" sticky_enabled=\"0\u2033]<\/p>\n<h1><span>Don't let your business stop.<\/span><\/h1>\n<p>[\/et_pb_text][\/et_pb_column][\/et_pb_row][\/et_pb_section][et_pb_section fb_built=&#8221;1&#8243; admin_label=&#8221;Feature&#8221; _builder_version=&#8221;4.24.3&#8243; _module_preset=&#8221;default&#8221; background_color=&#8221;gcid-af6245ea-df40-48a8-9687-67293107dc0c&#8221; locked=&#8221;off&#8221; collapsed=&#8221;on&#8221; global_colors_info=&#8221;{%22gcid-af6245ea-df40-48a8-9687-67293107dc0c%22:%91%22background_color%22%93}&#8221; theme_builder_area=&#8221;post_content&#8221;][et_pb_row _builder_version=&#8221;4.20.0&#8243; _module_preset=&#8221;default&#8221; global_colors_info=&#8221;{}&#8221; theme_builder_area=&#8221;post_content&#8221;][et_pb_column type=&#8221;4_4&#8243; _builder_version=&#8221;4.20.0&#8243; _module_preset=&#8221;default&#8221; global_colors_info=&#8221;{}&#8221; theme_builder_area=&#8221;post_content&#8221;][et_pb_text _builder_version=&#8221;4.24.3&#8243; _module_preset=&#8221;_initial&#8221; text_font=&#8221;Red Hat Display||||||||&#8221; text_text_color=&#8221;rgba(255,255,255,0.7)&#8221; text_font_size=&#8221;16px&#8221; text_line_height=&#8221;1.8em&#8221; hover_enabled=&#8221;0&#8243; text_font_size_tablet=&#8221;15px&#8221; text_font_size_phone=&#8221;14px&#8221; text_font_size_last_edited=&#8221;on|desktop&#8221; global_colors_info=&#8221;{}&#8221; theme_builder_area=&#8221;post_content&#8221; sticky_enabled=&#8221;0&#8243;]<\/p>\n<p><span>At Noksway, we place great importance on providing our customers with superior technical support and fast solutions. Our professional technical team is here to handle any issues with your equipment and ensure that your business continues without interruption.<\/span><\/p>\n<p>[\/et_pb_text][et_pb_text _builder_version=&#8221;4.24.3&#8243; _module_preset=&#8221;_initial&#8221; header_2_font=&#8221;Red Hat Display|700|||||||&#8221; header_2_text_color=&#8221;gcid-5f0fdb5b-f1aa-4063-ade8-584cea137658&#8243; header_2_font_size=&#8221;40px&#8221; header_2_line_height=&#8221;1.4em&#8221; header_2_font_size_tablet=&#8221;32px&#8221; header_2_font_size_phone=&#8221;20px&#8221; header_2_font_size_last_edited=&#8221;on|desktop&#8221; global_colors_info=&#8221;{%22gcid-5f0fdb5b-f1aa-4063-ade8-584cea137658%22:%91%22header_2_text_color%22%93}&#8221; theme_builder_area=&#8221;post_content&#8221;]<\/p>\n<h2><strong data-sider-select-id=\"4205f572-9c69-42e7-99d5-14f0d0e0c68f\">Our Services<\/strong><\/h2>\n<p>[\/et_pb_text][et_pb_blurb title=&#8221;Sorun Giderme ve Onar\u0131m&#8221; use_icon=&#8221;on&#8221; font_icon=&#8221;&#xe036;||divi||400&#8243; icon_color=&#8221;gcid-5f0fdb5b-f1aa-4063-ade8-584cea137658&#8243; icon_placement=&#8221;left&#8221; image_icon_width=&#8221;24px&#8221; content_max_width=&#8221;100%&#8221; _builder_version=&#8221;4.24.3&#8243; _module_preset=&#8221;_initial&#8221; header_font=&#8221;Red Hat Display||||||||&#8221; header_text_color=&#8221;#ffffff&#8221; header_font_size=&#8221;25px&#8221; header_line_height=&#8221;1.6em&#8221; body_font=&#8221;Red Hat Display||||||||&#8221; body_text_color=&#8221;rgba(255,255,255,0.7)&#8221; body_line_height=&#8221;1.8em&#8221; custom_margin=&#8221;||10px||false|false&#8221; animation=&#8221;off&#8221; hover_enabled=&#8221;0&#8243; global_colors_info=&#8221;{%22gcid-5f0fdb5b-f1aa-4063-ade8-584cea137658%22:%91%22icon_color%22%93}&#8221; theme_builder_area=&#8221;post_content&#8221; locked=&#8221;off&#8221; body_font_size=&#8221;16px&#8221; sticky_enabled=&#8221;0&#8243;]<\/p>\n<p><span>When you encounter any issues with your equipment, our experienced technical team intervenes promptly and carries out necessary repairs to resolve the problem.<\/span><\/p>\n<p>[\/et_pb_blurb][et_pb_blurb title=&#8221;Bak\u0131m ve Periyodik Kontroller&#8221; use_icon=&#8221;on&#8221; font_icon=&#8221;&#xe038;||divi||400&#8243; icon_color=&#8221;gcid-5f0fdb5b-f1aa-4063-ade8-584cea137658&#8243; icon_placement=&#8221;left&#8221; image_icon_width=&#8221;24px&#8221; content_max_width=&#8221;100%&#8221; _builder_version=&#8221;4.24.3&#8243; _module_preset=&#8221;_initial&#8221; header_font=&#8221;Red Hat Display||||||||&#8221; header_text_color=&#8221;#ffffff&#8221; header_font_size=&#8221;25px&#8221; header_line_height=&#8221;1.6em&#8221; body_font=&#8221;Red Hat Display||||||||&#8221; body_text_color=&#8221;rgba(255,255,255,0.7)&#8221; body_line_height=&#8221;1.8em&#8221; custom_margin=&#8221;||10px||false|false&#8221; animation=&#8221;off&#8221; hover_enabled=&#8221;0&#8243; global_colors_info=&#8221;{%22gcid-5f0fdb5b-f1aa-4063-ade8-584cea137658%22:%91%22icon_color%22%93}&#8221; theme_builder_area=&#8221;post_content&#8221; locked=&#8221;off&#8221; body_font_size=&#8221;16px&#8221; sticky_enabled=&#8221;0&#8243;]<\/p>\n<p><span>We recommend regular maintenance and periodic inspections to ensure the long-term and trouble-free operation of your equipment. This way, we can detect potential issues beforehand and enhance the efficiency of your equipment through preventive maintenance.<\/span><\/p>\n<p>[\/et_pb_blurb][et_pb_blurb title=&#8221;Yedek Par\u00e7a Temini&#8221; use_icon=&#8221;on&#8221; font_icon=&#8221;&#xe037;||divi||400&#8243; icon_color=&#8221;gcid-5f0fdb5b-f1aa-4063-ade8-584cea137658&#8243; icon_placement=&#8221;left&#8221; image_icon_width=&#8221;24px&#8221; content_max_width=&#8221;100%&#8221; _builder_version=&#8221;4.24.3&#8243; _module_preset=&#8221;_initial&#8221; header_font=&#8221;Red Hat Display||||||||&#8221; header_text_color=&#8221;#ffffff&#8221; header_font_size=&#8221;25px&#8221; header_line_height=&#8221;1.6em&#8221; body_font=&#8221;Red Hat Display||||||||&#8221; body_text_color=&#8221;rgba(255,255,255,0.7)&#8221; body_line_height=&#8221;1.8em&#8221; custom_margin=&#8221;||10px||false|false&#8221; animation=&#8221;off&#8221; hover_enabled=&#8221;0&#8243; global_colors_info=&#8221;{%22gcid-5f0fdb5b-f1aa-4063-ade8-584cea137658%22:%91%22icon_color%22%93}&#8221; theme_builder_area=&#8221;post_content&#8221; locked=&#8221;off&#8221; body_font_size=&#8221;16px&#8221; sticky_enabled=&#8221;0&#8243;]<\/p>\n<p><span>We are at your service with a wide range of stock to supply any spare part you may need. By using our original spare parts, we ensure that your equipment performs at its best.<\/span><\/p>\n<p>[\/et_pb_blurb][\/et_pb_column][\/et_pb_row][\/et_pb_section][et_pb_section fb_built=&#8221;1&#8243; admin_label=&#8221;Features&#8221; _builder_version=&#8221;4.20.0&#8243; _module_preset=&#8221;default&#8221; background_color=&#8221;gcid-af6245ea-df40-48a8-9687-67293107dc0c&#8221; saved_tabs=&#8221;all&#8221; collapsed=&#8221;on&#8221; global_colors_info=&#8221;{%22gcid-af6245ea-df40-48a8-9687-67293107dc0c%22:%91%22background_color%22%93}&#8221; theme_builder_area=&#8221;post_content&#8221;][et_pb_row column_structure=&#8221;1_2,1_2&#8243; _builder_version=&#8221;4.24.3&#8243; _module_preset=&#8221;default&#8221; locked=&#8221;off&#8221; global_colors_info=&#8221;{}&#8221; theme_builder_area=&#8221;post_content&#8221;][et_pb_column type=&#8221;1_2&#8243; _builder_version=&#8221;4.20.0&#8243; _module_preset=&#8221;default&#8221; global_colors_info=&#8221;{}&#8221; theme_builder_area=&#8221;post_content&#8221;][et_pb_image src=&#8221;https:\/\/noksway.com\/wp-content\/uploads\/2024\/04\/service.webp&#8221; title_text=&#8221;service&#8221; align=&#8221;right&#8221; _builder_version=&#8221;4.24.3&#8243; _module_preset=&#8221;default&#8221; custom_margin=&#8221;|||-20vw|false|false&#8221; custom_margin_last_edited=&#8221;off|desktop&#8221; scroll_horizontal_motion_enable=&#8221;on&#8221; scroll_horizontal_motion=&#8221;0|100|100|100|-2|0|0&#8243; hover_enabled=&#8221;0&#8243; global_colors_info=&#8221;{}&#8221; theme_builder_area=&#8221;post_content&#8221; sticky_enabled=&#8221;0&#8243;][\/et_pb_image][\/et_pb_column][et_pb_column type=&#8221;1_2&#8243; _builder_version=&#8221;4.20.0&#8243; _module_preset=&#8221;default&#8221; global_colors_info=&#8221;{}&#8221; theme_builder_area=&#8221;post_content&#8221;][et_pb_text _builder_version=&#8221;4.24.3&#8243; _module_preset=&#8221;_initial&#8221; header_2_font=&#8221;Red Hat Display|700|||||||&#8221; header_2_text_color=&#8221;gcid-5f0fdb5b-f1aa-4063-ade8-584cea137658&#8243; header_2_font_size=&#8221;40px&#8221; header_2_line_height=&#8221;1.4em&#8221; hover_enabled=&#8221;0&#8243; header_2_font_size_tablet=&#8221;32px&#8221; header_2_font_size_phone=&#8221;20px&#8221; header_2_font_size_last_edited=&#8221;on|desktop&#8221; global_colors_info=&#8221;{%22gcid-5f0fdb5b-f1aa-4063-ade8-584cea137658%22:%91%22header_2_text_color%22%93}&#8221; theme_builder_area=&#8221;post_content&#8221; sticky_enabled=&#8221;0&#8243;]<\/p>\n<h2>Technical Support Request<\/p>\n<\/h2>\n<p>[\/et_pb_text][et_pb_text _builder_version=&#8221;4.24.3&#8243; _module_preset=&#8221;_initial&#8221; text_font=&#8221;Red Hat Display||||||||&#8221; text_text_color=&#8221;rgba(255,255,255,0.7)&#8221; text_font_size=&#8221;16px&#8221; text_line_height=&#8221;1.8em&#8221; hover_enabled=&#8221;0&#8243; text_font_size_tablet=&#8221;15px&#8221; text_font_size_phone=&#8221;14px&#8221; text_font_size_last_edited=&#8221;on|desktop&#8221; locked=&#8221;off&#8221; global_colors_info=&#8221;{}&#8221; theme_builder_area=&#8221;post_content&#8221; sticky_enabled=&#8221;0&#8243;]E\u011fer bir teknik sorunla kar\u015f\u0131la\u015ft\u0131n\u0131z veya teknik destek talebiniz varsa, l\u00fctfen a\u015fa\u011f\u0131daki formu doldurarak bize ula\u015f\u0131n. M\u00fc\u015fteri temsilcilerimiz en k\u0131sa s\u00fcrede sizinle ileti\u015fime ge\u00e7ecek ve sorununuzu \u00e7\u00f6zmek i\u00e7in gereken ad\u0131mlar\u0131 atacakt\u0131r.[\/et_pb_text][et_pb_blurb title=&#8221;+90 545 739 30 31&#8243; use_icon=&#8221;on&#8221; font_icon=&#8221;&#xe090;||divi||400&#8243; icon_color=&#8221;gcid-5f0fdb5b-f1aa-4063-ade8-584cea137658&#8243; icon_placement=&#8221;left&#8221; image_icon_width=&#8221;24px&#8221; content_max_width=&#8221;100%&#8221; _builder_version=&#8221;4.24.3&#8243; _module_preset=&#8221;_initial&#8221; header_font=&#8221;Red Hat Display||||||||&#8221; header_text_color=&#8221;rgba(255,255,255,0.7)&#8221; header_font_size=&#8221;30px&#8221; header_line_height=&#8221;1.6em&#8221; body_font=&#8221;Red Hat Display||||||||&#8221; body_text_color=&#8221;rgba(255,255,255,0.7)&#8221; body_line_height=&#8221;1.8em&#8221; custom_margin=&#8221;||10px||false|false&#8221; animation=&#8221;off&#8221; hover_enabled=&#8221;0&#8243; global_colors_info=&#8221;{%22gcid-5f0fdb5b-f1aa-4063-ade8-584cea137658%22:%91%22icon_color%22%93}&#8221; theme_builder_area=&#8221;post_content&#8221; sticky_enabled=&#8221;0&#8243;][\/et_pb_blurb][et_pb_blurb use_icon=&#8221;on&#8221; font_icon=&#8221;&#xe090;||divi||400&#8243; icon_color=&#8221;gcid-5f0fdb5b-f1aa-4063-ade8-584cea137658&#8243; icon_placement=&#8221;left&#8221; image_icon_width=&#8221;24px&#8221; content_max_width=&#8221;100%&#8221; _builder_version=&#8221;4.24.3&#8243; _module_preset=&#8221;_initial&#8221; header_font=&#8221;Red Hat Display||||||||&#8221; header_text_color=&#8221;rgba(255,255,255,0.7)&#8221; header_font_size=&#8221;30px&#8221; header_line_height=&#8221;1.6em&#8221; body_font=&#8221;Red Hat Display||||||||&#8221; body_text_color=&#8221;rgba(255,255,255,0.7)&#8221; body_line_height=&#8221;1.8em&#8221; custom_margin=&#8221;||10px||false|false&#8221; animation=&#8221;off&#8221; hover_enabled=&#8221;0&#8243; global_colors_info=&#8221;{%22gcid-5f0fdb5b-f1aa-4063-ade8-584cea137658%22:%91%22icon_color%22,%22body_link_text_color%22%93}&#8221; theme_builder_area=&#8221;post_content&#8221; sticky_enabled=&#8221;0&#8243; body_font_size=&#8221;30px&#8221; body_link_text_color=&#8221;gcid-5f0fdb5b-f1aa-4063-ade8-584cea137658&#8243;]<\/p>\n<p><a href=\"mailto:service@noksway.com\">service@noksway.com<\/a><\/p>\n<p>[\/et_pb_blurb][et_pb_text _builder_version=\"4.24.3\u2033 _module_preset=\"_initial\" text_font=\"Red Hat Display||||||||\" text_text_colour=\"rgba(255,255,255,255,0.7)\" text_font_size=\"16px\" text_line_height=\"1.8em\" hover_enabled=\"0\u2033 text_font_size_tablet=\"15px\" text_font_size_phone=\"14px\" text_font_size_last_edited=\"on|desktop\" locked=\"off\" global_colors_info=\"{}\" theme_builder_area=\"post_content\" sticky_enabled=\"0\u2033]<\/p>\n<p><span>As the Noksway Technical Service team, we are here to meet our customers' needs and ensure that their equipment operates at its best. We are pleased to assist you and make your job easier.<\/span><\/p>\n<p>[\/et_pb_text][\/et_pb_column][\/et_pb_row][\/et_pb_section][et_pb_section fb_built=&#8221;1&#8243; admin_label=&#8221;Features&#8221; _builder_version=&#8221;4.20.0&#8243; _module_preset=&#8221;default&#8221; background_color=&#8221;gcid-af6245ea-df40-48a8-9687-67293107dc0c&#8221; saved_tabs=&#8221;all&#8221; collapsed=&#8221;on&#8221; global_colors_info=&#8221;{%22gcid-af6245ea-df40-48a8-9687-67293107dc0c%22:%91%22background_color%22%93}&#8221; theme_builder_area=&#8221;post_content&#8221;][et_pb_row _builder_version=&#8221;4.20.0&#8243; _module_preset=&#8221;default&#8221; locked=&#8221;off&#8221; global_colors_info=&#8221;{}&#8221; theme_builder_area=&#8221;post_content&#8221;][et_pb_column type=&#8221;4_4&#8243; _builder_version=&#8221;4.20.0&#8243; _module_preset=&#8221;default&#8221; global_colors_info=&#8221;{}&#8221; theme_builder_area=&#8221;post_content&#8221;][et_pb_text _builder_version=&#8221;4.24.3&#8243; _module_preset=&#8221;_initial&#8221; header_2_font=&#8221;Red Hat Display|700|||||||&#8221; header_2_text_color=&#8221;#FFFFFF&#8221; header_2_font_size=&#8221;40px&#8221; header_2_line_height=&#8221;1.4em&#8221; header_2_font_size_tablet=&#8221;32px&#8221; header_2_font_size_phone=&#8221;20px&#8221; header_2_font_size_last_edited=&#8221;on|desktop&#8221; global_colors_info=&#8221;{}&#8221; theme_builder_area=&#8221;post_content&#8221;]<\/p>\n<h2><strong data-sider-select-id=\"a48595b1-80f4-4ae7-9933-df69752e7f91\">Our Quality Policy<\/strong><\/h2>\n<p>&nbsp;<\/p>\n<p>[\/et_pb_text][et_pb_text _builder_version=\"4.20.0\u2033 _module_preset=\"_initial\" text_font=\"Red Hat Display||||||||\" text_text_colour=\"rgba(255,255,255,255,0.7)\" text_font_size=\"16px\" text_line_height=\"1.8em\" text_font_size_tablet=\"15px\" text_font_size_phone=\"14px\" text_font_size_last_edited=\"on|desktop\" locked=\"off\" global_colors_info=\"{}\" theme_builder_area=\"post_content\"]<\/p>\n<p><span>At Noksway, our quality policy encompasses a commitment to continuous improvement and excellence. We continuously review our processes, seek innovative solutions, and strive to enhance the performance of our equipment to provide our customers with the highest quality products.<\/span><\/p>\n<p>[\/et_pb_text][et_pb_image src=\"https:\/\/noksway.com\/wp-content\/uploads\/2024\/04\/logo-3d.webp\" title_text=\"logo-3d\" align=\"centre\" _builder_version=\"4.24.3\u2033 _module_preset=\"default\" global_colors_info=\"{}\" theme_builder_area=\"post_content\"][\/et_pb_image][\/et_pb_column][\/et_pb_row][\/et_pb_section]<\/p>","protected":false},"excerpt":{"rendered":"<p>Technical ServiceKeep your business runningNoksway is committed to providing our customers with superior technical support and fast solutions. Our professional technical team is here to deal with any problems with your equipment and ensure that your business continues without interruption.Our ServicesWhen you encounter any problems with your equipment, our experienced technical team intervenes quickly and makes the necessary repairs to fix the problem.<\/p>","protected":false},"author":2,"featured_media":0,"parent":0,"menu_order":0,"comment_status":"closed","ping_status":"closed","template":"","meta":{"_et_pb_use_builder":"on","_et_pb_old_content":"","_et_gb_content_width":"","footnotes":""},"class_list":["post-183","page","type-page","status-publish","hentry"],"_links":{"self":[{"href":"https:\/\/noksway.com\/en\/wp-json\/wp\/v2\/pages\/183","targetHints":{"allow":["GET"]}}],"collection":[{"href":"https:\/\/noksway.com\/en\/wp-json\/wp\/v2\/pages"}],"about":[{"href":"https:\/\/noksway.com\/en\/wp-json\/wp\/v2\/types\/page"}],"author":[{"embeddable":true,"href":"https:\/\/noksway.com\/en\/wp-json\/wp\/v2\/users\/2"}],"replies":[{"embeddable":true,"href":"https:\/\/noksway.com\/en\/wp-json\/wp\/v2\/comments?post=183"}],"version-history":[{"count":3,"href":"https:\/\/noksway.com\/en\/wp-json\/wp\/v2\/pages\/183\/revisions"}],"predecessor-version":[{"id":189,"href":"https:\/\/noksway.com\/en\/wp-json\/wp\/v2\/pages\/183\/revisions\/189"}],"wp:attachment":[{"href":"https:\/\/noksway.com\/en\/wp-json\/wp\/v2\/media?parent=183"}],"curies":[{"name":"wp","href":"https:\/\/api.w.org\/{rel}","templated":true}]}}