{"id":169,"date":"2024-04-17T10:13:47","date_gmt":"2024-04-17T07:13:47","guid":{"rendered":"https:\/\/noksway.com\/?page_id=169"},"modified":"2024-04-17T11:51:44","modified_gmt":"2024-04-17T08:51:44","slug":"kalite","status":"publish","type":"page","link":"https:\/\/noksway.com\/en\/quality\/","title":{"rendered":"Quality"},"content":{"rendered":"<p>[et_pb_section fb_built=&#8221;1&#8243; admin_label=&#8221;About&#8221; _builder_version=&#8221;4.24.3&#8243; _module_preset=&#8221;default&#8221; background_color=&#8221;#080F18&#8243; use_background_color_gradient=&#8221;on&#8221; background_color_gradient_stops=&#8221;rgba(8,15,24,0) 0%|#242938 68%&#8221; background_image=&#8221;https:\/\/noksway.com\/wp-content\/uploads\/2024\/04\/2147975070.jpg&#8221; background_position=&#8221;bottom_center&#8221; background_vertical_offset=&#8221;30%&#8221; custom_padding=&#8221;||0px||false|false&#8221; hover_enabled=&#8221;0&#8243; locked=&#8221;off&#8221; collapsed=&#8221;on&#8221; global_colors_info=&#8221;{%22gcid-af6245ea-df40-48a8-9687-67293107dc0c%22:%91%22background_color%22%93}&#8221; theme_builder_area=&#8221;post_content&#8221; title_text=&#8221;2147975070&#8243; sticky_enabled=&#8221;0&#8243;][et_pb_row _builder_version=&#8221;4.20.0&#8243; _module_preset=&#8221;default&#8221; global_colors_info=&#8221;{}&#8221; theme_builder_area=&#8221;post_content&#8221;][et_pb_column type=&#8221;4_4&#8243; _builder_version=&#8221;4.20.0&#8243; _module_preset=&#8221;default&#8221; global_colors_info=&#8221;{}&#8221; theme_builder_area=&#8221;post_content&#8221;][et_pb_text _builder_version=&#8221;4.24.3&#8243; _module_preset=&#8221;_initial&#8221; header_4_font=&#8221;Red Hat Display|700||on|||||&#8221; header_4_text_color=&#8221;gcid-5f0fdb5b-f1aa-4063-ade8-584cea137658&#8243; header_4_font_size=&#8221;14px&#8221; header_4_letter_spacing=&#8221;2px&#8221; header_4_line_height=&#8221;1.4em&#8221; custom_margin=&#8221;||0px||false|false&#8221; hover_enabled=&#8221;0&#8243; global_colors_info=&#8221;{%22gcid-5f0fdb5b-f1aa-4063-ade8-584cea137658%22:%91%22header_4_text_color%22%93}&#8221; theme_builder_area=&#8221;post_content&#8221; sticky_enabled=&#8221;0&#8243;]<\/p>\n<h4>QUALITY<\/h4>\n<p>[\/et_pb_text][et_pb_text _builder_version=\"4.24.3\u2033 _module_preset=\"_initial\" header_font=\"Red Hat Display|700|||||||\" header_text_colour=\"#FFFFFF\" header_font_size=\"60px\" header_line_height=\"1.2em\" custom_margin=\"||10px|false|false\" header_font_size_tablet=\"40px\" header_font_size_phone=\"24px\" header_font_size_last_edited=\"on|desktop\" locked=\"off\" global_colors_info=\"{}\" theme_builder_area=\"post_content\"]<\/p>\n<h1><span>Quality is at the core of our business.<\/span><\/h1>\n<p>[\/et_pb_text][\/et_pb_column][\/et_pb_row][\/et_pb_section][et_pb_section fb_built=&#8221;1&#8243; admin_label=&#8221;Feature&#8221; _builder_version=&#8221;4.24.3&#8243; _module_preset=&#8221;default&#8221; background_color=&#8221;gcid-af6245ea-df40-48a8-9687-67293107dc0c&#8221; hover_enabled=&#8221;0&#8243; locked=&#8221;off&#8221; collapsed=&#8221;on&#8221; global_colors_info=&#8221;{%22gcid-af6245ea-df40-48a8-9687-67293107dc0c%22:%91%22background_color%22%93}&#8221; theme_builder_area=&#8221;post_content&#8221; sticky_enabled=&#8221;0&#8243;][et_pb_row column_structure=&#8221;1_2,1_2&#8243; _builder_version=&#8221;4.20.0&#8243; _module_preset=&#8221;default&#8221; global_colors_info=&#8221;{}&#8221; theme_builder_area=&#8221;post_content&#8221;][et_pb_column type=&#8221;1_2&#8243; _builder_version=&#8221;4.20.0&#8243; _module_preset=&#8221;default&#8221; global_colors_info=&#8221;{}&#8221; theme_builder_area=&#8221;post_content&#8221;][et_pb_text _builder_version=&#8221;4.24.3&#8243; _module_preset=&#8221;_initial&#8221; header_2_font=&#8221;Red Hat Display|700|||||||&#8221; header_2_text_color=&#8221;gcid-5f0fdb5b-f1aa-4063-ade8-584cea137658&#8243; header_2_font_size=&#8221;40px&#8221; header_2_line_height=&#8221;1.4em&#8221; hover_enabled=&#8221;0&#8243; header_2_font_size_tablet=&#8221;32px&#8221; header_2_font_size_phone=&#8221;20px&#8221; header_2_font_size_last_edited=&#8221;on|desktop&#8221; global_colors_info=&#8221;{%22gcid-5f0fdb5b-f1aa-4063-ade8-584cea137658%22:%91%22header_2_text_color%22%93}&#8221; theme_builder_area=&#8221;post_content&#8221; sticky_enabled=&#8221;0&#8243;]<\/p>\n<h2><strong data-sider-select-id=\"40ced89e-d4a6-407e-bfe9-77f384ebf192\">Product Quality<\/strong><\/h2>\n<p>[\/et_pb_text][et_pb_text _builder_version=\"4.20.0\u2033 _module_preset=\"_initial\" text_font=\"Red Hat Display||||||||\" text_text_colour=\"rgba(255,255,255,255,0.7)\" text_font_size=\"16px\" text_line_height=\"1.8em\" text_font_size_tablet=\"15px\" text_font_size_phone=\"14px\" text_font_size_last_edited=\"on|desktop\" global_colors_info=\"{}\" theme_builder_area=\"post_content\"]<\/p>\n<p><span>Every NoksWay product is meticulously designed, manufactured, and tested to meet the highest quality standards. Our expert engineers work diligently to develop durable and reliable equipment using the latest technology. Every detail of our products is carefully considered to meet our customers' needs and exceed their expectations.<\/span><\/p>\n<p>[\/et_pb_text][\/et_pb_column][et_pb_column type=&#8221;1_2&#8243; _builder_version=&#8221;4.20.0&#8243; _module_preset=&#8221;default&#8221; global_colors_info=&#8221;{}&#8221; theme_builder_area=&#8221;post_content&#8221;][et_pb_image src=&#8221;https:\/\/noksway.com\/wp-content\/uploads\/2024\/04\/Kalite-1.webp&#8221; title_text=&#8221;Kalite&#8221; _builder_version=&#8221;4.24.3&#8243; _module_preset=&#8221;default&#8221; hover_enabled=&#8221;0&#8243; global_colors_info=&#8221;{}&#8221; theme_builder_area=&#8221;post_content&#8221; sticky_enabled=&#8221;0&#8243; custom_margin=&#8221;-78px||||false|false&#8221;][\/et_pb_image][\/et_pb_column][\/et_pb_row][\/et_pb_section][et_pb_section fb_built=&#8221;1&#8243; admin_label=&#8221;Features&#8221; _builder_version=&#8221;4.20.0&#8243; _module_preset=&#8221;default&#8221; background_color=&#8221;gcid-af6245ea-df40-48a8-9687-67293107dc0c&#8221; saved_tabs=&#8221;all&#8221; collapsed=&#8221;on&#8221; global_colors_info=&#8221;{%22gcid-af6245ea-df40-48a8-9687-67293107dc0c%22:%91%22background_color%22%93}&#8221; theme_builder_area=&#8221;post_content&#8221;][et_pb_row column_structure=&#8221;1_2,1_2&#8243; _builder_version=&#8221;4.24.3&#8243; _module_preset=&#8221;default&#8221; hover_enabled=&#8221;0&#8243; locked=&#8221;off&#8221; global_colors_info=&#8221;{}&#8221; theme_builder_area=&#8221;post_content&#8221; sticky_enabled=&#8221;0&#8243;][et_pb_column type=&#8221;1_2&#8243; _builder_version=&#8221;4.20.0&#8243; _module_preset=&#8221;default&#8221; global_colors_info=&#8221;{}&#8221; theme_builder_area=&#8221;post_content&#8221;][et_pb_image src=&#8221;https:\/\/noksway.com\/wp-content\/uploads\/2024\/04\/3953.webp&#8221; title_text=&#8221;3953&#8243; align=&#8221;right&#8221; _builder_version=&#8221;4.24.3&#8243; _module_preset=&#8221;default&#8221; custom_margin=&#8221;|||-20vw|false|false&#8221; custom_margin_last_edited=&#8221;off|desktop&#8221; scroll_horizontal_motion_enable=&#8221;on&#8221; scroll_horizontal_motion=&#8221;0|100|100|100|-2|0|0&#8243; hover_enabled=&#8221;0&#8243; global_colors_info=&#8221;{}&#8221; theme_builder_area=&#8221;post_content&#8221; sticky_enabled=&#8221;0&#8243;][\/et_pb_image][\/et_pb_column][et_pb_column type=&#8221;1_2&#8243; _builder_version=&#8221;4.20.0&#8243; _module_preset=&#8221;default&#8221; global_colors_info=&#8221;{}&#8221; theme_builder_area=&#8221;post_content&#8221;][et_pb_text _builder_version=&#8221;4.24.3&#8243; _module_preset=&#8221;_initial&#8221; header_2_font=&#8221;Red Hat Display|700|||||||&#8221; header_2_text_color=&#8221;gcid-5f0fdb5b-f1aa-4063-ade8-584cea137658&#8243; header_2_font_size=&#8221;40px&#8221; header_2_line_height=&#8221;1.4em&#8221; hover_enabled=&#8221;0&#8243; header_2_font_size_tablet=&#8221;32px&#8221; header_2_font_size_phone=&#8221;20px&#8221; header_2_font_size_last_edited=&#8221;on|desktop&#8221; global_colors_info=&#8221;{%22gcid-5f0fdb5b-f1aa-4063-ade8-584cea137658%22:%91%22header_2_text_color%22%93}&#8221; theme_builder_area=&#8221;post_content&#8221; sticky_enabled=&#8221;0&#8243;]<\/p>\n<h2>The Production Process<\/h2>\n<p>[\/et_pb_text][et_pb_text _builder_version=\"4.20.0\u2033 _module_preset=\"_initial\" text_font=\"Red Hat Display||||||||\" text_text_colour=\"rgba(255,255,255,255,0.7)\" text_font_size=\"16px\" text_line_height=\"1.8em\" text_font_size_tablet=\"15px\" text_font_size_phone=\"14px\" text_font_size_last_edited=\"on|desktop\" global_colors_info=\"{}\" theme_builder_area=\"post_content\" locked=\"off\"]<\/p>\n<p><span>Our production process adheres strictly to quality control standards. We use high-quality materials in our facilities and conduct quality control tests at every stage. This ensures that we deliver reliable and flawless products to our customers.<\/span><\/p>\n<p><span style=\"color: #ffffff;\">Our Product Range<\/span><span><\/span><\/p>\n<p><span><\/span><\/p>\n<p>[\/et_pb_text][et_pb_blurb title=&#8221;D\u00d6NER ARABALI FIRIN, KONVEKS\u0130YONEL FIRIN, ELEKTR\u0130KL\u0130 KATLI FIRIN, T\u00dcNEL FIRIN&#8221; use_icon=&#8221;on&#8221; font_icon=&#8221;&#xe052;||divi||400&#8243; icon_color=&#8221;gcid-5f0fdb5b-f1aa-4063-ade8-584cea137658&#8243; icon_placement=&#8221;left&#8221; image_icon_width=&#8221;24px&#8221; content_max_width=&#8221;100%&#8221; _builder_version=&#8221;4.24.3&#8243; _module_preset=&#8221;_initial&#8221; header_font=&#8221;Red Hat Display||||||||&#8221; header_text_color=&#8221;rgba(255,255,255,0.7)&#8221; header_font_size=&#8221;16px&#8221; header_line_height=&#8221;1.6em&#8221; body_font=&#8221;Red Hat Display||||||||&#8221; body_text_color=&#8221;rgba(255,255,255,0.7)&#8221; body_line_height=&#8221;1.8em&#8221; custom_margin=&#8221;||10px||false|false&#8221; animation=&#8221;off&#8221; hover_enabled=&#8221;0&#8243; global_colors_info=&#8221;{%22gcid-5f0fdb5b-f1aa-4063-ade8-584cea137658%22:%91%22icon_color%22%93}&#8221; theme_builder_area=&#8221;post_content&#8221; sticky_enabled=&#8221;0&#8243;][\/et_pb_blurb][et_pb_blurb title=&#8221;SP\u0130RAL M\u0130KSERLER&#8221; use_icon=&#8221;on&#8221; font_icon=&#8221;&#xe052;||divi||400&#8243; icon_color=&#8221;gcid-5f0fdb5b-f1aa-4063-ade8-584cea137658&#8243; icon_placement=&#8221;left&#8221; image_icon_width=&#8221;24px&#8221; content_max_width=&#8221;100%&#8221; _builder_version=&#8221;4.24.3&#8243; _module_preset=&#8221;_initial&#8221; header_font=&#8221;Red Hat Display||||||||&#8221; header_text_color=&#8221;rgba(255,255,255,0.7)&#8221; header_font_size=&#8221;16px&#8221; header_line_height=&#8221;1.6em&#8221; body_font=&#8221;Red Hat Display||||||||&#8221; body_text_color=&#8221;rgba(255,255,255,0.7)&#8221; body_line_height=&#8221;1.8em&#8221; custom_margin=&#8221;||10px||false|false&#8221; animation=&#8221;off&#8221; hover_enabled=&#8221;0&#8243; global_colors_info=&#8221;{%22gcid-5f0fdb5b-f1aa-4063-ade8-584cea137658%22:%91%22icon_color%22%93}&#8221; theme_builder_area=&#8221;post_content&#8221; sticky_enabled=&#8221;0&#8243;][\/et_pb_blurb][et_pb_blurb title=&#8221;HAMUR KESME VE TARTMA MAK\u0130NES\u0130, HAMUR YUVARLAMA MAK\u0130NES\u0130, HAMUR D\u0130NLEND\u0130RME MAK\u0130NES\u0130, HAMUR \u015eEK\u0130L VERME MAK\u0130NES\u0130&#8221; use_icon=&#8221;on&#8221; font_icon=&#8221;&#xe052;||divi||400&#8243; icon_color=&#8221;gcid-5f0fdb5b-f1aa-4063-ade8-584cea137658&#8243; icon_placement=&#8221;left&#8221; image_icon_width=&#8221;24px&#8221; content_max_width=&#8221;100%&#8221; _builder_version=&#8221;4.24.3&#8243; _module_preset=&#8221;_initial&#8221; header_font=&#8221;Red Hat Display||||||||&#8221; header_text_color=&#8221;rgba(255,255,255,0.7)&#8221; header_font_size=&#8221;16px&#8221; header_line_height=&#8221;1.6em&#8221; body_font=&#8221;Red Hat Display||||||||&#8221; body_text_color=&#8221;rgba(255,255,255,0.7)&#8221; body_line_height=&#8221;1.8em&#8221; custom_margin=&#8221;||10px||false|false&#8221; animation=&#8221;off&#8221; hover_enabled=&#8221;0&#8243; global_colors_info=&#8221;{%22gcid-5f0fdb5b-f1aa-4063-ade8-584cea137658%22:%91%22icon_color%22%93}&#8221; theme_builder_area=&#8221;post_content&#8221; sticky_enabled=&#8221;0&#8243;][\/et_pb_blurb][et_pb_blurb title=&#8221;\u00a0EKMEK D\u0130L\u0130MLEME MAK\u0130NELER\u0130,\u00a0 KL\u0130MA \u00dcN\u0130TES\u0130, FIRIN ARABALALARI, TAVALAR&#8221; use_icon=&#8221;on&#8221; font_icon=&#8221;&#xe052;||divi||400&#8243; icon_color=&#8221;gcid-5f0fdb5b-f1aa-4063-ade8-584cea137658&#8243; icon_placement=&#8221;left&#8221; image_icon_width=&#8221;24px&#8221; content_max_width=&#8221;100%&#8221; _builder_version=&#8221;4.24.3&#8243; _module_preset=&#8221;_initial&#8221; header_font=&#8221;Red Hat Display||||||||&#8221; header_text_color=&#8221;rgba(255,255,255,0.7)&#8221; header_font_size=&#8221;16px&#8221; header_line_height=&#8221;1.6em&#8221; body_font=&#8221;Red Hat Display||||||||&#8221; body_text_color=&#8221;rgba(255,255,255,0.7)&#8221; body_line_height=&#8221;1.8em&#8221; custom_margin=&#8221;||10px||false|false&#8221; animation=&#8221;off&#8221; hover_enabled=&#8221;0&#8243; global_colors_info=&#8221;{%22gcid-5f0fdb5b-f1aa-4063-ade8-584cea137658%22:%91%22icon_color%22%93}&#8221; theme_builder_area=&#8221;post_content&#8221; sticky_enabled=&#8221;0&#8243;][\/et_pb_blurb][\/et_pb_column][\/et_pb_row][\/et_pb_section][et_pb_section fb_built=&#8221;1&#8243; admin_label=&#8221;Features&#8221; _builder_version=&#8221;4.20.0&#8243; _module_preset=&#8221;default&#8221; background_color=&#8221;gcid-af6245ea-df40-48a8-9687-67293107dc0c&#8221; saved_tabs=&#8221;all&#8221; collapsed=&#8221;on&#8221; global_colors_info=&#8221;{%22gcid-af6245ea-df40-48a8-9687-67293107dc0c%22:%91%22background_color%22%93}&#8221; theme_builder_area=&#8221;post_content&#8221;][et_pb_row _builder_version=&#8221;4.20.0&#8243; _module_preset=&#8221;default&#8221; locked=&#8221;off&#8221; global_colors_info=&#8221;{}&#8221; theme_builder_area=&#8221;post_content&#8221;][et_pb_column type=&#8221;4_4&#8243; _builder_version=&#8221;4.20.0&#8243; _module_preset=&#8221;default&#8221; global_colors_info=&#8221;{}&#8221; theme_builder_area=&#8221;post_content&#8221;][et_pb_text _builder_version=&#8221;4.24.3&#8243; _module_preset=&#8221;_initial&#8221; header_2_font=&#8221;Red Hat Display|700|||||||&#8221; header_2_text_color=&#8221;#FFFFFF&#8221; header_2_font_size=&#8221;40px&#8221; header_2_line_height=&#8221;1.4em&#8221; hover_enabled=&#8221;0&#8243; header_2_font_size_tablet=&#8221;32px&#8221; header_2_font_size_phone=&#8221;20px&#8221; header_2_font_size_last_edited=&#8221;on|desktop&#8221; global_colors_info=&#8221;{}&#8221; theme_builder_area=&#8221;post_content&#8221; sticky_enabled=&#8221;0&#8243;]<\/p>\n<h2><strong data-sider-select-id=\"a48595b1-80f4-4ae7-9933-df69752e7f91\">Our Quality Policy<\/strong><\/h2>\n<p>&nbsp;<\/p>\n<p>[\/et_pb_text][et_pb_text _builder_version=\"4.20.0\u2033 _module_preset=\"_initial\" text_font=\"Red Hat Display||||||||\" text_text_colour=\"rgba(255,255,255,255,0.7)\" text_font_size=\"16px\" text_line_height=\"1.8em\" text_font_size_tablet=\"15px\" text_font_size_phone=\"14px\" text_font_size_last_edited=\"on|desktop\" global_colors_info=\"{}\" theme_builder_area=\"post_content\" locked=\"off\"]<\/p>\n<p><span>At Noksway, our quality policy encompasses a commitment to continuous improvement and excellence. We continuously review our processes, seek innovative solutions, and strive to enhance the performance of our equipment to provide our customers with the highest quality products.<\/span><\/p>\n<p>[\/et_pb_text][et_pb_image src=\"https:\/\/noksway.com\/wp-content\/uploads\/2024\/04\/logo-3d.webp\" _builder_version=\"4.24.3\u2033 _module_preset=\"default\" theme_builder_area=\"post_content\" title_text=\"logo-3d\" align=\"centre\" hover_enabled=\"0\u2033 sticky_enabled=\"0\u2033][\/et_pb_image][\/et_pb_column][\/et_pb_row][\/et_pb_section]<\/p>","protected":false},"excerpt":{"rendered":"<p>QUALITYQuality is at the heart of our businessProduct QualityEvery NoksWay product is meticulously designed, manufactured and tested to meet the highest quality standards. Our expert engineers work to develop durable and reliable equipment using the latest technology. Every detail of our products is carefully considered to meet the needs and exceed the expectations of our customers.Production ProcessOur production process is in strict adherence to quality control standards. At our facilities [...]<\/p>","protected":false},"author":2,"featured_media":0,"parent":0,"menu_order":0,"comment_status":"closed","ping_status":"closed","template":"","meta":{"_et_pb_use_builder":"on","_et_pb_old_content":"","_et_gb_content_width":"","footnotes":""},"class_list":["post-169","page","type-page","status-publish","hentry"],"_links":{"self":[{"href":"https:\/\/noksway.com\/en\/wp-json\/wp\/v2\/pages\/169","targetHints":{"allow":["GET"]}}],"collection":[{"href":"https:\/\/noksway.com\/en\/wp-json\/wp\/v2\/pages"}],"about":[{"href":"https:\/\/noksway.com\/en\/wp-json\/wp\/v2\/types\/page"}],"author":[{"embeddable":true,"href":"https:\/\/noksway.com\/en\/wp-json\/wp\/v2\/users\/2"}],"replies":[{"embeddable":true,"href":"https:\/\/noksway.com\/en\/wp-json\/wp\/v2\/comments?post=169"}],"version-history":[{"count":3,"href":"https:\/\/noksway.com\/en\/wp-json\/wp\/v2\/pages\/169\/revisions"}],"predecessor-version":[{"id":182,"href":"https:\/\/noksway.com\/en\/wp-json\/wp\/v2\/pages\/169\/revisions\/182"}],"wp:attachment":[{"href":"https:\/\/noksway.com\/en\/wp-json\/wp\/v2\/media?parent=169"}],"curies":[{"name":"wp","href":"https:\/\/api.w.org\/{rel}","templated":true}]}}